{"id":2352,"date":"2021-08-18T09:27:21","date_gmt":"2021-08-18T07:27:21","guid":{"rendered":"https:\/\/www.huitres-st-vaast.com\/?page_id=2352"},"modified":"2024-12-11T17:06:49","modified_gmt":"2024-12-11T16:06:49","slug":"panier","status":"publish","type":"page","link":"https:\/\/www.huitres-st-vaast.com\/en\/panier\/","title":{"rendered":"Cart"},"content":{"rendered":"\t\t<div data-elementor-type=\"wp-page\" data-elementor-id=\"2352\" class=\"elementor elementor-2352 elementor-1772\" data-elementor-post-type=\"page\">\n\t\t\t\t\t\t<section class=\"elementor-section elementor-top-section elementor-element elementor-element-6ac26cc1 pix-contenu-top pix-contenu-bottom elementor-section-boxed elementor-section-height-default elementor-section-height-default\" data-id=\"6ac26cc1\" data-element_type=\"section\" data-e-type=\"section\">\n\t\t\t\t\t\t<div class=\"elementor-container elementor-column-gap-default\">\n\t\t\t\t\t<div class=\"elementor-column elementor-col-100 elementor-top-column elementor-element elementor-element-76cdd5b5\" data-id=\"76cdd5b5\" data-element_type=\"column\" data-e-type=\"column\">\n\t\t\t<div class=\"elementor-widget-wrap elementor-element-populated\">\n\t\t\t\t\t\t<div class=\"elementor-element elementor-element-0e6726a elementor-widget elementor-widget-heading\" data-id=\"0e6726a\" data-element_type=\"widget\" data-e-type=\"widget\" data-widget_type=\"heading.default\">\n\t\t\t\t<div class=\"elementor-widget-container\">\n\t\t\t\t\t<h1 class=\"elementor-heading-title elementor-size-default\">Cart<\/h1>\t\t\t\t<\/div>\n\t\t\t\t<\/div>\n\t\t\t\t<div class=\"elementor-element elementor-element-1ee75d4 elementor-widget elementor-widget-shortcode\" data-id=\"1ee75d4\" data-element_type=\"widget\" data-e-type=\"widget\" data-widget_type=\"shortcode.default\">\n\t\t\t\t<div class=\"elementor-widget-container\">\n\t\t\t\t\t\t\t<div class=\"elementor-shortcode\">\t\t<div data-elementor-type=\"section\" data-elementor-id=\"4607\" class=\"elementor elementor-4607 elementor-3450 elementor-3450\" data-elementor-post-type=\"elementor_library\">\n\t\t\t\t\t<section class=\"elementor-section elementor-top-section elementor-element elementor-element-7a3cbda elementor-section-boxed elementor-section-height-default elementor-section-height-default\" data-id=\"7a3cbda\" data-element_type=\"section\" data-e-type=\"section\">\n\t\t\t\t\t\t<div class=\"elementor-container elementor-column-gap-no\">\n\t\t\t\t\t<div class=\"elementor-column elementor-col-100 elementor-top-column elementor-element elementor-element-2c326c0\" data-id=\"2c326c0\" data-element_type=\"column\" data-e-type=\"column\">\n\t\t\t<div class=\"elementor-widget-wrap elementor-element-populated\">\n\t\t\t\t\t\t<div class=\"elementor-element elementor-element-1588321 elementor-widget elementor-widget-text-editor\" data-id=\"1588321\" data-element_type=\"widget\" data-e-type=\"widget\" data-widget_type=\"text-editor.default\">\n\t\t\t\t<div class=\"elementor-widget-container\">\n\t\t\t\t\t\t\t\t\t<p><span class=\"woocommerce-terms-and-conditions-checkbox-text\"><span style=\"color: #ff0000;\"><strong>Thank you for reading the information below before placing your order.<\/strong><\/span><br \/>\n&#8211; Presence required at the time of delivery<br \/>\n&#8211; For shipments to Corsica, please contact us before placing your order<br \/>\n<\/span><\/p>\n<p>&#8211; For <strong>Christmas<\/strong> deliveries, orders must be placed <strong>no later than 12\/18<\/strong>.<br \/>\n&#8211; For <strong>New Year&#8217;s Eve<\/strong> deliveries, orders must be placed <strong>no later than 12\/23<\/strong>.<\/p>\n\t\t\t\t\t\t\t\t<\/div>\n\t\t\t\t<\/div>\n\t\t\t\t\t<\/div>\n\t\t<\/div>\n\t\t\t\t\t<\/div>\n\t\t<\/section>\n\t\t\t\t<\/div>\n\t\t<\/div>\n\t\t\t\t\t\t<\/div>\n\t\t\t\t<\/div>\n\t\t\t\t\t<\/div>\n\t\t<\/div>\n\t\t\t\t\t<\/div>\n\t\t<\/section>\n\t\t\t\t<\/div>\n\t\t","protected":false},"excerpt":{"rendered":"<p>Cart<\/p>\n","protected":false},"author":1,"featured_media":0,"parent":0,"menu_order":8,"comment_status":"closed","ping_status":"closed","template":"","meta":{"footnotes":""},"class_list":["post-2352","page","type-page","status-publish","hentry"],"yoast_head":"<!-- This site is optimized with the Yoast SEO plugin v27.5 - https:\/\/yoast.com\/product\/yoast-seo-wordpress\/ -->\n<title>Cart - Hu\u00eetres H\u00e9lie<\/title>\n<meta name=\"robots\" content=\"index, follow, max-snippet:-1, max-image-preview:large, max-video-preview:-1\" \/>\n<link rel=\"canonical\" href=\"https:\/\/www.huitres-st-vaast.com\/panier\/\" \/>\n<meta property=\"og:locale\" content=\"en_US\" \/>\n<meta property=\"og:type\" content=\"article\" \/>\n<meta property=\"og:title\" content=\"Cart - Hu\u00eetres H\u00e9lie\" \/>\n<meta property=\"og:description\" content=\"Cart\" \/>\n<meta property=\"og:url\" content=\"https:\/\/www.huitres-st-vaast.com\/panier\/\" \/>\n<meta property=\"og:site_name\" content=\"Hu\u00eetres H\u00e9lie\" \/>\n<meta property=\"article:publisher\" content=\"https:\/\/www.facebook.com\/huitreshelie\" \/>\n<meta property=\"article:modified_time\" content=\"2024-12-11T16:06:49+00:00\" \/>\n<meta name=\"twitter:card\" content=\"summary_large_image\" \/>\n<meta name=\"twitter:label1\" content=\"Est. reading time\" \/>\n\t<meta name=\"twitter:data1\" content=\"1 minute\" \/>\n<script type=\"application\/ld+json\" class=\"yoast-schema-graph\">{\"@context\":\"https:\\\/\\\/schema.org\",\"@graph\":[{\"@type\":\"WebPage\",\"@id\":\"https:\\\/\\\/www.huitres-st-vaast.com\\\/panier\\\/\",\"url\":\"https:\\\/\\\/www.huitres-st-vaast.com\\\/panier\\\/\",\"name\":\"Cart - Hu\u00eetres H\u00e9lie\",\"isPartOf\":{\"@id\":\"https:\\\/\\\/www.huitres-st-vaast.com\\\/#website\"},\"datePublished\":\"2021-08-18T07:27:21+00:00\",\"dateModified\":\"2024-12-11T16:06:49+00:00\",\"breadcrumb\":{\"@id\":\"https:\\\/\\\/www.huitres-st-vaast.com\\\/panier\\\/#breadcrumb\"},\"inLanguage\":\"en-US\",\"potentialAction\":[{\"@type\":\"ReadAction\",\"target\":[\"https:\\\/\\\/www.huitres-st-vaast.com\\\/panier\\\/\"]}]},{\"@type\":\"BreadcrumbList\",\"@id\":\"https:\\\/\\\/www.huitres-st-vaast.com\\\/panier\\\/#breadcrumb\",\"itemListElement\":[{\"@type\":\"ListItem\",\"position\":1,\"name\":\"Accueil\",\"item\":\"https:\\\/\\\/www.huitres-st-vaast.com\\\/\"},{\"@type\":\"ListItem\",\"position\":2,\"name\":\"Cart\"}]},{\"@type\":\"WebSite\",\"@id\":\"https:\\\/\\\/www.huitres-st-vaast.com\\\/#website\",\"url\":\"https:\\\/\\\/www.huitres-st-vaast.com\\\/\",\"name\":\"Hu\u00eetres H\u00e9lie\",\"description\":\"Hu\u00eetres fraiches de Normandie\",\"publisher\":{\"@id\":\"https:\\\/\\\/www.huitres-st-vaast.com\\\/#organization\"},\"potentialAction\":[{\"@type\":\"SearchAction\",\"target\":{\"@type\":\"EntryPoint\",\"urlTemplate\":\"https:\\\/\\\/www.huitres-st-vaast.com\\\/?s={search_term_string}\"},\"query-input\":{\"@type\":\"PropertyValueSpecification\",\"valueRequired\":true,\"valueName\":\"search_term_string\"}}],\"inLanguage\":\"en-US\"},{\"@type\":\"Organization\",\"@id\":\"https:\\\/\\\/www.huitres-st-vaast.com\\\/#organization\",\"name\":\"Hu\u00eetres H\u00e9lie\",\"url\":\"https:\\\/\\\/www.huitres-st-vaast.com\\\/\",\"logo\":{\"@type\":\"ImageObject\",\"inLanguage\":\"en-US\",\"@id\":\"https:\\\/\\\/www.huitres-st-vaast.com\\\/#\\\/schema\\\/logo\\\/image\\\/\",\"url\":\"https:\\\/\\\/www.huitres-st-vaast.com\\\/wp-content\\\/uploads\\\/2024\\\/11\\\/logo.webp\",\"contentUrl\":\"https:\\\/\\\/www.huitres-st-vaast.com\\\/wp-content\\\/uploads\\\/2024\\\/11\\\/logo.webp\",\"width\":645,\"height\":337,\"caption\":\"Hu\u00eetres H\u00e9lie\"},\"image\":{\"@id\":\"https:\\\/\\\/www.huitres-st-vaast.com\\\/#\\\/schema\\\/logo\\\/image\\\/\"},\"sameAs\":[\"https:\\\/\\\/www.facebook.com\\\/huitreshelie\",\"https:\\\/\\\/www.instagram.com\\\/huitres_helie\",\"https:\\\/\\\/www.youtube.com\\\/channel\\\/UC9EJR2gJXzsMPxr9Ph4nf2A\"]}]}<\/script>\n<!-- \/ Yoast SEO plugin. -->","yoast_head_json":{"title":"Cart - Hu\u00eetres H\u00e9lie","robots":{"index":"index","follow":"follow","max-snippet":"max-snippet:-1","max-image-preview":"max-image-preview:large","max-video-preview":"max-video-preview:-1"},"canonical":"https:\/\/www.huitres-st-vaast.com\/panier\/","og_locale":"en_US","og_type":"article","og_title":"Cart - Hu\u00eetres H\u00e9lie","og_description":"Cart","og_url":"https:\/\/www.huitres-st-vaast.com\/panier\/","og_site_name":"Hu\u00eetres H\u00e9lie","article_publisher":"https:\/\/www.facebook.com\/huitreshelie","article_modified_time":"2024-12-11T16:06:49+00:00","twitter_card":"summary_large_image","twitter_misc":{"Est. reading time":"1 minute"},"schema":{"@context":"https:\/\/schema.org","@graph":[{"@type":"WebPage","@id":"https:\/\/www.huitres-st-vaast.com\/panier\/","url":"https:\/\/www.huitres-st-vaast.com\/panier\/","name":"Cart - Hu\u00eetres H\u00e9lie","isPartOf":{"@id":"https:\/\/www.huitres-st-vaast.com\/#website"},"datePublished":"2021-08-18T07:27:21+00:00","dateModified":"2024-12-11T16:06:49+00:00","breadcrumb":{"@id":"https:\/\/www.huitres-st-vaast.com\/panier\/#breadcrumb"},"inLanguage":"en-US","potentialAction":[{"@type":"ReadAction","target":["https:\/\/www.huitres-st-vaast.com\/panier\/"]}]},{"@type":"BreadcrumbList","@id":"https:\/\/www.huitres-st-vaast.com\/panier\/#breadcrumb","itemListElement":[{"@type":"ListItem","position":1,"name":"Accueil","item":"https:\/\/www.huitres-st-vaast.com\/"},{"@type":"ListItem","position":2,"name":"Cart"}]},{"@type":"WebSite","@id":"https:\/\/www.huitres-st-vaast.com\/#website","url":"https:\/\/www.huitres-st-vaast.com\/","name":"Hu\u00eetres H\u00e9lie","description":"Hu\u00eetres fraiches de Normandie","publisher":{"@id":"https:\/\/www.huitres-st-vaast.com\/#organization"},"potentialAction":[{"@type":"SearchAction","target":{"@type":"EntryPoint","urlTemplate":"https:\/\/www.huitres-st-vaast.com\/?s={search_term_string}"},"query-input":{"@type":"PropertyValueSpecification","valueRequired":true,"valueName":"search_term_string"}}],"inLanguage":"en-US"},{"@type":"Organization","@id":"https:\/\/www.huitres-st-vaast.com\/#organization","name":"Hu\u00eetres H\u00e9lie","url":"https:\/\/www.huitres-st-vaast.com\/","logo":{"@type":"ImageObject","inLanguage":"en-US","@id":"https:\/\/www.huitres-st-vaast.com\/#\/schema\/logo\/image\/","url":"https:\/\/www.huitres-st-vaast.com\/wp-content\/uploads\/2024\/11\/logo.webp","contentUrl":"https:\/\/www.huitres-st-vaast.com\/wp-content\/uploads\/2024\/11\/logo.webp","width":645,"height":337,"caption":"Hu\u00eetres H\u00e9lie"},"image":{"@id":"https:\/\/www.huitres-st-vaast.com\/#\/schema\/logo\/image\/"},"sameAs":["https:\/\/www.facebook.com\/huitreshelie","https:\/\/www.instagram.com\/huitres_helie","https:\/\/www.youtube.com\/channel\/UC9EJR2gJXzsMPxr9Ph4nf2A"]}]}},"_links":{"self":[{"href":"https:\/\/www.huitres-st-vaast.com\/en\/wp-json\/wp\/v2\/pages\/2352","targetHints":{"allow":["GET"]}}],"collection":[{"href":"https:\/\/www.huitres-st-vaast.com\/en\/wp-json\/wp\/v2\/pages"}],"about":[{"href":"https:\/\/www.huitres-st-vaast.com\/en\/wp-json\/wp\/v2\/types\/page"}],"author":[{"embeddable":true,"href":"https:\/\/www.huitres-st-vaast.com\/en\/wp-json\/wp\/v2\/users\/1"}],"replies":[{"embeddable":true,"href":"https:\/\/www.huitres-st-vaast.com\/en\/wp-json\/wp\/v2\/comments?post=2352"}],"version-history":[{"count":8,"href":"https:\/\/www.huitres-st-vaast.com\/en\/wp-json\/wp\/v2\/pages\/2352\/revisions"}],"predecessor-version":[{"id":4609,"href":"https:\/\/www.huitres-st-vaast.com\/en\/wp-json\/wp\/v2\/pages\/2352\/revisions\/4609"}],"wp:attachment":[{"href":"https:\/\/www.huitres-st-vaast.com\/en\/wp-json\/wp\/v2\/media?parent=2352"}],"curies":[{"name":"wp","href":"https:\/\/api.w.org\/{rel}","templated":true}]}}