{"id":2985,"date":"2021-12-10T14:58:08","date_gmt":"2021-12-10T13:58:08","guid":{"rendered":"https:\/\/www.huitres-st-vaast.com\/?page_id=2985"},"modified":"2025-01-29T14:43:39","modified_gmt":"2025-01-29T13:43:39","slug":"contact-huitres-helie-normandy","status":"publish","type":"page","link":"https:\/\/www.huitres-st-vaast.com\/en\/contact-huitres-helie-normandy\/","title":{"rendered":"Contact"},"content":{"rendered":"\t\t<div data-elementor-type=\"wp-page\" data-elementor-id=\"2985\" class=\"elementor elementor-2985 elementor-2984\" data-elementor-post-type=\"page\">\n\t\t\t\t\t\t<section class=\"elementor-section elementor-top-section elementor-element elementor-element-efd4f14 pix-contenu-top elementor-section-boxed elementor-section-height-default elementor-section-height-default\" data-id=\"efd4f14\" data-element_type=\"section\" data-e-type=\"section\">\n\t\t\t\t\t\t<div class=\"elementor-container elementor-column-gap-default\">\n\t\t\t\t\t<div class=\"elementor-column elementor-col-100 elementor-top-column elementor-element elementor-element-5bb6360\" data-id=\"5bb6360\" data-element_type=\"column\" data-e-type=\"column\">\n\t\t\t<div class=\"elementor-widget-wrap elementor-element-populated\">\n\t\t\t\t\t\t<div class=\"elementor-element elementor-element-fe94a12 elementor-widget elementor-widget-heading\" data-id=\"fe94a12\" data-element_type=\"widget\" data-e-type=\"widget\" data-widget_type=\"heading.default\">\n\t\t\t\t<div class=\"elementor-widget-container\">\n\t\t\t\t\t<h1 class=\"elementor-heading-title elementor-size-default\">Contact Us<\/h1>\t\t\t\t<\/div>\n\t\t\t\t<\/div>\n\t\t\t\t<section class=\"elementor-section elementor-inner-section elementor-element elementor-element-d59219c pix-contenu-bottom elementor-section-boxed elementor-section-height-default elementor-section-height-default\" data-id=\"d59219c\" data-element_type=\"section\" data-e-type=\"section\">\n\t\t\t\t\t\t<div class=\"elementor-container elementor-column-gap-default\">\n\t\t\t\t\t<div class=\"elementor-column elementor-col-50 elementor-inner-column elementor-element elementor-element-0554c5a pix-nopaddingleft\" data-id=\"0554c5a\" data-element_type=\"column\" data-e-type=\"column\">\n\t\t\t<div class=\"elementor-widget-wrap elementor-element-populated\">\n\t\t\t\t\t\t<div class=\"elementor-element elementor-element-b2f7c14 elementor-button-align-stretch elementor-widget elementor-widget-form\" data-id=\"b2f7c14\" data-element_type=\"widget\" data-e-type=\"widget\" data-settings=\"{&quot;button_width&quot;:&quot;25&quot;,&quot;step_next_label&quot;:&quot;Next&quot;,&quot;step_previous_label&quot;:&quot;Previous&quot;,&quot;step_type&quot;:&quot;number_text&quot;,&quot;step_icon_shape&quot;:&quot;circle&quot;}\" data-widget_type=\"form.default\">\n\t\t\t\t<div class=\"elementor-widget-container\">\n\t\t\t\t\t\t\t<form class=\"elementor-form\" method=\"post\" name=\"Formulaire de contact\" aria-label=\"Formulaire de contact\">\n\t\t\t<input type=\"hidden\" name=\"post_id\" value=\"2985\"\/>\n\t\t\t<input type=\"hidden\" name=\"form_id\" value=\"b2f7c14\"\/>\n\t\t\t<input type=\"hidden\" name=\"referer_title\" value=\"H\u00e9lie oysters in Le Val de Saire at St Vaast in La Manche\" \/>\n\n\t\t\t\t\t\t\t<input type=\"hidden\" name=\"queried_id\" value=\"2985\"\/>\n\t\t\t\n\t\t\t<div class=\"elementor-form-fields-wrapper elementor-labels-above\">\n\t\t\t\t\t\t\t\t<div class=\"elementor-field-type-text elementor-field-group elementor-column elementor-field-group-namefr elementor-col-100 elementor-field-required elementor-mark-required\">\n\t\t\t\t\t\t\t\t\t\t\t\t<label for=\"form-field-namefr\" class=\"elementor-field-label\">\n\t\t\t\t\t\t\t\tYour Name\t\t\t\t\t\t\t<\/label>\n\t\t\t\t\t\t\t\t\t\t\t\t\t\t<input size=\"1\" type=\"text\" name=\"form_fields[namefr]\" id=\"form-field-namefr\" class=\"elementor-field elementor-size-sm  elementor-field-textual\" required=\"required\">\n\t\t\t\t\t\t\t\t\t\t\t<\/div>\n\t\t\t\t\t\t\t\t<div class=\"elementor-field-type-text\">\n\t\t\t\t\t<input size=\"1\" type=\"text\" name=\"form_fields[Telephone]\" id=\"form-field-Telephone\" class=\"elementor-field elementor-size-sm \" style=\"display:none !important;\">\t\t\t\t<\/div>\n\t\t\t\t\t\t\t\t<div class=\"elementor-field-type-email elementor-field-group elementor-column elementor-field-group-emailfr elementor-col-100 elementor-field-required elementor-mark-required\">\n\t\t\t\t\t\t\t\t\t\t\t\t<label for=\"form-field-emailfr\" class=\"elementor-field-label\">\n\t\t\t\t\t\t\t\tEmail\t\t\t\t\t\t\t<\/label>\n\t\t\t\t\t\t\t\t\t\t\t\t\t\t<input size=\"1\" type=\"email\" name=\"form_fields[emailfr]\" id=\"form-field-emailfr\" class=\"elementor-field elementor-size-sm  elementor-field-textual\" required=\"required\">\n\t\t\t\t\t\t\t\t\t\t\t<\/div>\n\t\t\t\t\t\t\t\t<div class=\"elementor-field-type-text\">\n\t\t\t\t\t<input size=\"1\" type=\"text\" name=\"form_fields[Address]\" id=\"form-field-Address\" class=\"elementor-field elementor-size-sm \" style=\"display:none !important;\">\t\t\t\t<\/div>\n\t\t\t\t\t\t\t\t<div class=\"elementor-field-type-text\">\n\t\t\t\t\t<input size=\"1\" type=\"text\" name=\"form_fields[Zipcode]\" id=\"form-field-Zipcode\" class=\"elementor-field elementor-size-sm \" style=\"display:none !important;\">\t\t\t\t<\/div>\n\t\t\t\t\t\t\t\t<div class=\"elementor-field-type-text\">\n\t\t\t\t\t<input size=\"1\" type=\"text\" name=\"form_fields[City]\" id=\"form-field-City\" class=\"elementor-field elementor-size-sm \" style=\"display:none !important;\">\t\t\t\t<\/div>\n\t\t\t\t\t\t\t\t<div class=\"elementor-field-type-textarea elementor-field-group elementor-column elementor-field-group-messagefr elementor-col-100 elementor-field-required elementor-mark-required\">\n\t\t\t\t\t\t\t\t\t\t\t\t<label for=\"form-field-messagefr\" class=\"elementor-field-label\">\n\t\t\t\t\t\t\t\tMessage\t\t\t\t\t\t\t<\/label>\n\t\t\t\t\t\t<textarea class=\"elementor-field-textual elementor-field  elementor-size-sm\" name=\"form_fields[messagefr]\" id=\"form-field-messagefr\" rows=\"4\" required=\"required\"><\/textarea>\t\t\t\t<\/div>\n\t\t\t\t\t\t\t\t<div class=\"elementor-field-type-acceptance elementor-field-group elementor-column elementor-field-group-acceptancefr elementor-col-100 elementor-field-required elementor-mark-required\">\n\t\t\t\t\t\t\t<div class=\"elementor-field-subgroup\">\n\t\t\t<span class=\"elementor-field-option\">\n\t\t\t\t<input type=\"checkbox\" name=\"form_fields[acceptancefr]\" id=\"form-field-acceptancefr\" class=\"elementor-field elementor-size-sm  elementor-acceptance-field\" required=\"required\">\n\t\t\t\t<label for=\"form-field-acceptancefr\">By submitting this form, I accept that the information entered will be exploited in the context of the commercial relationship that may result<\/label>\t\t\t<\/span>\n\t\t<\/div>\n\t\t\t\t\t\t<\/div>\n\t\t\t\t\t\t\t\t<div class=\"elementor-field-type-recaptcha_v3 elementor-field-group elementor-column elementor-field-group-field_1365441 elementor-col-100 recaptcha_v3-bottomright\">\n\t\t\t\t\t<div class=\"elementor-field\" id=\"form-field-field_1365441\"><div class=\"elementor-g-recaptcha\" data-sitekey=\"6Ldp1MYqAAAAAD_HdlJhH_Epfwg15Ksmk1fYWueD\" data-type=\"v3\" data-action=\"Form\" data-badge=\"bottomright\" data-size=\"invisible\"><\/div><\/div>\t\t\t\t<\/div>\n\t\t\t\t\t\t\t\t<div class=\"elementor-field-group elementor-column elementor-field-type-submit elementor-col-25 e-form__buttons\">\n\t\t\t\t\t<button class=\"elementor-button elementor-size-sm\" type=\"submit\">\n\t\t\t\t\t\t<span class=\"elementor-button-content-wrapper\">\n\t\t\t\t\t\t\t\t\t\t\t\t\t\t\t\t\t\t\t\t\t\t<span class=\"elementor-button-text\">Send<\/span>\n\t\t\t\t\t\t\t\t\t\t\t\t\t<\/span>\n\t\t\t\t\t<\/button>\n\t\t\t\t<\/div>\n\t\t\t<\/div>\n\t\t<\/form>\n\t\t\t\t\t\t<\/div>\n\t\t\t\t<\/div>\n\t\t\t\t<div class=\"elementor-element elementor-element-7ab2735 elementor-widget elementor-widget-text-editor\" data-id=\"7ab2735\" data-element_type=\"widget\" data-e-type=\"widget\" data-widget_type=\"text-editor.default\">\n\t\t\t\t<div class=\"elementor-widget-container\">\n\t\t\t\t\t\t\t\t\t<p>This site is protected by reCAPTCHA and the\u00a0<a href=\"https:\/\/policies.google.com\/privacy\" target=\"_blank\" rel=\"noopener\">Google Privacy Policy<\/a>\u00a0and\u00a0<a href=\"https:\/\/policies.google.com\/terms\" target=\"_blank\" rel=\"noopener\">Terms of Service apply<\/a>.<\/p>\n\t\t\t\t\t\t\t\t<\/div>\n\t\t\t\t<\/div>\n\t\t\t\t\t<\/div>\n\t\t<\/div>\n\t\t\t\t<div class=\"elementor-column elementor-col-50 elementor-inner-column elementor-element elementor-element-6db7057\" data-id=\"6db7057\" data-element_type=\"column\" data-e-type=\"column\">\n\t\t\t<div class=\"elementor-widget-wrap elementor-element-populated\">\n\t\t\t\t\t\t<div class=\"elementor-element elementor-element-6d00c85 elementor-widget elementor-widget-text-editor\" data-id=\"6d00c85\" data-element_type=\"widget\" data-e-type=\"widget\" data-widget_type=\"text-editor.default\">\n\t\t\t\t<div class=\"elementor-widget-container\">\n\t\t\t\t\t\t\t\t\t<h3>H\u00e9lie Oysters<\/h3>\n<p>Rue des Parcs \u2013 BP 19<br \/>\n50550 Saint-Vaast-la-Hougue<\/p>\n<ul>\n<li>Tel: +33 (0)2 33 54 42 70<\/li>\n<li>Fax: +33 (0)2 33 54 43 70<\/li>\n<li>Email :\u00a0<a href=\"mailto:contact@huitres-helie.com\">contact@huitres-helie.com<\/a><\/li>\n<\/ul>\n<p><em>You can contact us using the contact details above or using the contact form.<\/em><\/p>\n\t\t\t\t\t\t\t\t<\/div>\n\t\t\t\t<\/div>\n\t\t\t\t<div class=\"elementor-element elementor-element-f239c26 elementor-widget elementor-widget-image\" data-id=\"f239c26\" data-element_type=\"widget\" data-e-type=\"widget\" data-widget_type=\"image.default\">\n\t\t\t\t<div class=\"elementor-widget-container\">\n\t\t\t\t\t\t\t\t\t\t\t\t\t\t\t<img fetchpriority=\"high\" decoding=\"async\" width=\"1024\" height=\"477\" src=\"https:\/\/www.huitres-st-vaast.com\/wp-content\/uploads\/2016\/01\/vue-aerienne.jpg\" class=\"attachment-medium_large size-medium_large wp-image-2990\" alt=\"\" srcset=\"https:\/\/www.huitres-st-vaast.com\/wp-content\/uploads\/2016\/01\/vue-aerienne.jpg 1024w, https:\/\/www.huitres-st-vaast.com\/wp-content\/uploads\/2016\/01\/vue-aerienne-1000x466.jpg 1000w, https:\/\/www.huitres-st-vaast.com\/wp-content\/uploads\/2016\/01\/vue-aerienne-500x233.jpg 500w, https:\/\/www.huitres-st-vaast.com\/wp-content\/uploads\/2016\/01\/vue-aerienne-700x326.jpg 700w\" sizes=\"(max-width: 1024px) 100vw, 1024px\" \/>\t\t\t\t\t\t\t\t\t\t\t\t\t\t\t<\/div>\n\t\t\t\t<\/div>\n\t\t\t\t\t<\/div>\n\t\t<\/div>\n\t\t\t\t\t<\/div>\n\t\t<\/section>\n\t\t\t\t\t<\/div>\n\t\t<\/div>\n\t\t\t\t\t<\/div>\n\t\t<\/section>\n\t\t\t\t<section class=\"elementor-section elementor-top-section elementor-element elementor-element-c6ed543 elementor-section-full_width elementor-section-height-default elementor-section-height-default\" data-id=\"c6ed543\" data-element_type=\"section\" data-e-type=\"section\">\n\t\t\t\t\t\t<div class=\"elementor-container elementor-column-gap-no\">\n\t\t\t\t\t<div class=\"elementor-column elementor-col-100 elementor-top-column elementor-element elementor-element-04d3d44\" data-id=\"04d3d44\" data-element_type=\"column\" data-e-type=\"column\">\n\t\t\t<div class=\"elementor-widget-wrap elementor-element-populated\">\n\t\t\t\t\t\t<div class=\"elementor-element elementor-element-74cd976 elementor-widget elementor-widget-shortcode\" data-id=\"74cd976\" data-element_type=\"widget\" data-e-type=\"widget\" data-widget_type=\"shortcode.default\">\n\t\t\t\t<div class=\"elementor-widget-container\">\n\t\t\t\t\t\t\t<div class=\"elementor-shortcode\"><div id=\"map\" class=\"map\"><iframe src=\"https:\/\/www.huitres-st-vaast.com\/wp-content\/themes\/huitreshelie-new\/map.inc.php?lg=en&#038;width=100%&#038;height=580px\" width=\"100%\" height=\"580\" frameborder=\"0\" scrolling=\"no\"><\/iframe><\/div><\/div>\n\t\t\t\t\t\t<\/div>\n\t\t\t\t<\/div>\n\t\t\t\t\t<\/div>\n\t\t<\/div>\n\t\t\t\t\t<\/div>\n\t\t<\/section>\n\t\t\t\t<\/div>\n\t\t","protected":false},"excerpt":{"rendered":"<p>Contact Us This site is protected by reCAPTCHA and the\u00a0Google Privacy Policy\u00a0and\u00a0Terms of Service apply. H\u00e9lie Oysters Rue des Parcs \u2013 BP 19 50550 Saint-Vaast-la-Hougue Tel: +33 (0)2 33 54 42 70 Fax: +33 (0)2 33 54 43 70 Email :\u00a0contact@huitres-helie.com You can contact us using the contact details above or using the contact form.<\/p>\n","protected":false},"author":1,"featured_media":0,"parent":0,"menu_order":6,"comment_status":"closed","ping_status":"closed","template":"","meta":{"footnotes":""},"class_list":["post-2985","page","type-page","status-publish","hentry"],"yoast_head":"<!-- This site is optimized with the Yoast SEO plugin v27.5 - https:\/\/yoast.com\/product\/yoast-seo-wordpress\/ -->\n<title>H\u00e9lie oysters in Le Val de Saire at St Vaast in La Manche<\/title>\n<meta name=\"description\" content=\"Contact the oyster farming company Hu\u00eetres H\u00e9lie in La Manche in Normandy, 2 oyster stores in St Vaast La Hougue and Cherbourg\" \/>\n<meta name=\"robots\" content=\"index, follow, max-snippet:-1, max-image-preview:large, max-video-preview:-1\" \/>\n<link rel=\"canonical\" href=\"https:\/\/www.huitres-st-vaast.com\/contact-huitres-helie\/\" \/>\n<meta property=\"og:locale\" content=\"en_US\" \/>\n<meta property=\"og:type\" content=\"article\" \/>\n<meta property=\"og:title\" content=\"H\u00e9lie oysters in Le Val de Saire at St Vaast in La Manche\" \/>\n<meta property=\"og:description\" content=\"Contact the oyster farming company Hu\u00eetres H\u00e9lie in La Manche in Normandy, 2 oyster stores in St Vaast La Hougue and Cherbourg\" \/>\n<meta property=\"og:url\" content=\"https:\/\/www.huitres-st-vaast.com\/contact-huitres-helie\/\" \/>\n<meta property=\"og:site_name\" content=\"Hu\u00eetres H\u00e9lie\" \/>\n<meta property=\"article:publisher\" content=\"https:\/\/www.facebook.com\/huitreshelie\" \/>\n<meta property=\"article:modified_time\" content=\"2025-01-29T13:43:39+00:00\" \/>\n<meta property=\"og:image\" content=\"https:\/\/www.huitres-st-vaast.com\/wp-content\/uploads\/2016\/01\/vue-aerienne.jpg\" \/>\n\t<meta property=\"og:image:width\" content=\"1024\" \/>\n\t<meta property=\"og:image:height\" content=\"477\" \/>\n\t<meta property=\"og:image:type\" content=\"image\/jpeg\" \/>\n<meta name=\"twitter:card\" content=\"summary_large_image\" \/>\n<meta name=\"twitter:label1\" content=\"Est. reading time\" \/>\n\t<meta name=\"twitter:data1\" content=\"1 minute\" \/>\n<script type=\"application\/ld+json\" class=\"yoast-schema-graph\">{\"@context\":\"https:\\\/\\\/schema.org\",\"@graph\":[{\"@type\":\"WebPage\",\"@id\":\"https:\\\/\\\/www.huitres-st-vaast.com\\\/contact-huitres-helie\\\/\",\"url\":\"https:\\\/\\\/www.huitres-st-vaast.com\\\/contact-huitres-helie\\\/\",\"name\":\"H\u00e9lie oysters in Le Val de Saire at St Vaast in La Manche\",\"isPartOf\":{\"@id\":\"https:\\\/\\\/www.huitres-st-vaast.com\\\/#website\"},\"primaryImageOfPage\":{\"@id\":\"https:\\\/\\\/www.huitres-st-vaast.com\\\/contact-huitres-helie\\\/#primaryimage\"},\"image\":{\"@id\":\"https:\\\/\\\/www.huitres-st-vaast.com\\\/contact-huitres-helie\\\/#primaryimage\"},\"thumbnailUrl\":\"https:\\\/\\\/www.huitres-st-vaast.com\\\/wp-content\\\/uploads\\\/2016\\\/01\\\/vue-aerienne.jpg\",\"datePublished\":\"2021-12-10T13:58:08+00:00\",\"dateModified\":\"2025-01-29T13:43:39+00:00\",\"description\":\"Contact the oyster farming company Hu\u00eetres H\u00e9lie in La Manche in Normandy, 2 oyster stores in St Vaast La Hougue and Cherbourg\",\"breadcrumb\":{\"@id\":\"https:\\\/\\\/www.huitres-st-vaast.com\\\/contact-huitres-helie\\\/#breadcrumb\"},\"inLanguage\":\"en-US\",\"potentialAction\":[{\"@type\":\"ReadAction\",\"target\":[\"https:\\\/\\\/www.huitres-st-vaast.com\\\/contact-huitres-helie\\\/\"]}]},{\"@type\":\"ImageObject\",\"inLanguage\":\"en-US\",\"@id\":\"https:\\\/\\\/www.huitres-st-vaast.com\\\/contact-huitres-helie\\\/#primaryimage\",\"url\":\"https:\\\/\\\/www.huitres-st-vaast.com\\\/wp-content\\\/uploads\\\/2016\\\/01\\\/vue-aerienne.jpg\",\"contentUrl\":\"https:\\\/\\\/www.huitres-st-vaast.com\\\/wp-content\\\/uploads\\\/2016\\\/01\\\/vue-aerienne.jpg\"},{\"@type\":\"BreadcrumbList\",\"@id\":\"https:\\\/\\\/www.huitres-st-vaast.com\\\/contact-huitres-helie\\\/#breadcrumb\",\"itemListElement\":[{\"@type\":\"ListItem\",\"position\":1,\"name\":\"Accueil\",\"item\":\"https:\\\/\\\/www.huitres-st-vaast.com\\\/\"},{\"@type\":\"ListItem\",\"position\":2,\"name\":\"Contact\"}]},{\"@type\":\"WebSite\",\"@id\":\"https:\\\/\\\/www.huitres-st-vaast.com\\\/#website\",\"url\":\"https:\\\/\\\/www.huitres-st-vaast.com\\\/\",\"name\":\"Hu\u00eetres H\u00e9lie\",\"description\":\"Hu\u00eetres fraiches de Normandie\",\"publisher\":{\"@id\":\"https:\\\/\\\/www.huitres-st-vaast.com\\\/#organization\"},\"potentialAction\":[{\"@type\":\"SearchAction\",\"target\":{\"@type\":\"EntryPoint\",\"urlTemplate\":\"https:\\\/\\\/www.huitres-st-vaast.com\\\/?s={search_term_string}\"},\"query-input\":{\"@type\":\"PropertyValueSpecification\",\"valueRequired\":true,\"valueName\":\"search_term_string\"}}],\"inLanguage\":\"en-US\"},{\"@type\":\"Organization\",\"@id\":\"https:\\\/\\\/www.huitres-st-vaast.com\\\/#organization\",\"name\":\"Hu\u00eetres H\u00e9lie\",\"url\":\"https:\\\/\\\/www.huitres-st-vaast.com\\\/\",\"logo\":{\"@type\":\"ImageObject\",\"inLanguage\":\"en-US\",\"@id\":\"https:\\\/\\\/www.huitres-st-vaast.com\\\/#\\\/schema\\\/logo\\\/image\\\/\",\"url\":\"https:\\\/\\\/www.huitres-st-vaast.com\\\/wp-content\\\/uploads\\\/2024\\\/11\\\/logo.webp\",\"contentUrl\":\"https:\\\/\\\/www.huitres-st-vaast.com\\\/wp-content\\\/uploads\\\/2024\\\/11\\\/logo.webp\",\"width\":645,\"height\":337,\"caption\":\"Hu\u00eetres H\u00e9lie\"},\"image\":{\"@id\":\"https:\\\/\\\/www.huitres-st-vaast.com\\\/#\\\/schema\\\/logo\\\/image\\\/\"},\"sameAs\":[\"https:\\\/\\\/www.facebook.com\\\/huitreshelie\",\"https:\\\/\\\/www.instagram.com\\\/huitres_helie\",\"https:\\\/\\\/www.youtube.com\\\/channel\\\/UC9EJR2gJXzsMPxr9Ph4nf2A\"]}]}<\/script>\n<!-- \/ Yoast SEO plugin. -->","yoast_head_json":{"title":"H\u00e9lie oysters in Le Val de Saire at St Vaast in La Manche","description":"Contact the oyster farming company Hu\u00eetres H\u00e9lie in La Manche in Normandy, 2 oyster stores in St Vaast La Hougue and Cherbourg","robots":{"index":"index","follow":"follow","max-snippet":"max-snippet:-1","max-image-preview":"max-image-preview:large","max-video-preview":"max-video-preview:-1"},"canonical":"https:\/\/www.huitres-st-vaast.com\/contact-huitres-helie\/","og_locale":"en_US","og_type":"article","og_title":"H\u00e9lie oysters in Le Val de Saire at St Vaast in La Manche","og_description":"Contact the oyster farming company Hu\u00eetres H\u00e9lie in La Manche in Normandy, 2 oyster stores in St Vaast La Hougue and Cherbourg","og_url":"https:\/\/www.huitres-st-vaast.com\/contact-huitres-helie\/","og_site_name":"Hu\u00eetres H\u00e9lie","article_publisher":"https:\/\/www.facebook.com\/huitreshelie","article_modified_time":"2025-01-29T13:43:39+00:00","og_image":[{"width":1024,"height":477,"url":"https:\/\/www.huitres-st-vaast.com\/wp-content\/uploads\/2016\/01\/vue-aerienne.jpg","type":"image\/jpeg"}],"twitter_card":"summary_large_image","twitter_misc":{"Est. reading time":"1 minute"},"schema":{"@context":"https:\/\/schema.org","@graph":[{"@type":"WebPage","@id":"https:\/\/www.huitres-st-vaast.com\/contact-huitres-helie\/","url":"https:\/\/www.huitres-st-vaast.com\/contact-huitres-helie\/","name":"H\u00e9lie oysters in Le Val de Saire at St Vaast in La Manche","isPartOf":{"@id":"https:\/\/www.huitres-st-vaast.com\/#website"},"primaryImageOfPage":{"@id":"https:\/\/www.huitres-st-vaast.com\/contact-huitres-helie\/#primaryimage"},"image":{"@id":"https:\/\/www.huitres-st-vaast.com\/contact-huitres-helie\/#primaryimage"},"thumbnailUrl":"https:\/\/www.huitres-st-vaast.com\/wp-content\/uploads\/2016\/01\/vue-aerienne.jpg","datePublished":"2021-12-10T13:58:08+00:00","dateModified":"2025-01-29T13:43:39+00:00","description":"Contact the oyster farming company Hu\u00eetres H\u00e9lie in La Manche in Normandy, 2 oyster stores in St Vaast La Hougue and Cherbourg","breadcrumb":{"@id":"https:\/\/www.huitres-st-vaast.com\/contact-huitres-helie\/#breadcrumb"},"inLanguage":"en-US","potentialAction":[{"@type":"ReadAction","target":["https:\/\/www.huitres-st-vaast.com\/contact-huitres-helie\/"]}]},{"@type":"ImageObject","inLanguage":"en-US","@id":"https:\/\/www.huitres-st-vaast.com\/contact-huitres-helie\/#primaryimage","url":"https:\/\/www.huitres-st-vaast.com\/wp-content\/uploads\/2016\/01\/vue-aerienne.jpg","contentUrl":"https:\/\/www.huitres-st-vaast.com\/wp-content\/uploads\/2016\/01\/vue-aerienne.jpg"},{"@type":"BreadcrumbList","@id":"https:\/\/www.huitres-st-vaast.com\/contact-huitres-helie\/#breadcrumb","itemListElement":[{"@type":"ListItem","position":1,"name":"Accueil","item":"https:\/\/www.huitres-st-vaast.com\/"},{"@type":"ListItem","position":2,"name":"Contact"}]},{"@type":"WebSite","@id":"https:\/\/www.huitres-st-vaast.com\/#website","url":"https:\/\/www.huitres-st-vaast.com\/","name":"Hu\u00eetres H\u00e9lie","description":"Hu\u00eetres fraiches de Normandie","publisher":{"@id":"https:\/\/www.huitres-st-vaast.com\/#organization"},"potentialAction":[{"@type":"SearchAction","target":{"@type":"EntryPoint","urlTemplate":"https:\/\/www.huitres-st-vaast.com\/?s={search_term_string}"},"query-input":{"@type":"PropertyValueSpecification","valueRequired":true,"valueName":"search_term_string"}}],"inLanguage":"en-US"},{"@type":"Organization","@id":"https:\/\/www.huitres-st-vaast.com\/#organization","name":"Hu\u00eetres H\u00e9lie","url":"https:\/\/www.huitres-st-vaast.com\/","logo":{"@type":"ImageObject","inLanguage":"en-US","@id":"https:\/\/www.huitres-st-vaast.com\/#\/schema\/logo\/image\/","url":"https:\/\/www.huitres-st-vaast.com\/wp-content\/uploads\/2024\/11\/logo.webp","contentUrl":"https:\/\/www.huitres-st-vaast.com\/wp-content\/uploads\/2024\/11\/logo.webp","width":645,"height":337,"caption":"Hu\u00eetres H\u00e9lie"},"image":{"@id":"https:\/\/www.huitres-st-vaast.com\/#\/schema\/logo\/image\/"},"sameAs":["https:\/\/www.facebook.com\/huitreshelie","https:\/\/www.instagram.com\/huitres_helie","https:\/\/www.youtube.com\/channel\/UC9EJR2gJXzsMPxr9Ph4nf2A"]}]}},"_links":{"self":[{"href":"https:\/\/www.huitres-st-vaast.com\/en\/wp-json\/wp\/v2\/pages\/2985","targetHints":{"allow":["GET"]}}],"collection":[{"href":"https:\/\/www.huitres-st-vaast.com\/en\/wp-json\/wp\/v2\/pages"}],"about":[{"href":"https:\/\/www.huitres-st-vaast.com\/en\/wp-json\/wp\/v2\/types\/page"}],"author":[{"embeddable":true,"href":"https:\/\/www.huitres-st-vaast.com\/en\/wp-json\/wp\/v2\/users\/1"}],"replies":[{"embeddable":true,"href":"https:\/\/www.huitres-st-vaast.com\/en\/wp-json\/wp\/v2\/comments?post=2985"}],"version-history":[{"count":18,"href":"https:\/\/www.huitres-st-vaast.com\/en\/wp-json\/wp\/v2\/pages\/2985\/revisions"}],"predecessor-version":[{"id":4396,"href":"https:\/\/www.huitres-st-vaast.com\/en\/wp-json\/wp\/v2\/pages\/2985\/revisions\/4396"}],"wp:attachment":[{"href":"https:\/\/www.huitres-st-vaast.com\/en\/wp-json\/wp\/v2\/media?parent=2985"}],"curies":[{"name":"wp","href":"https:\/\/api.w.org\/{rel}","templated":true}]}}