{"id":3027,"date":"2021-12-10T16:26:59","date_gmt":"2021-12-10T15:26:59","guid":{"rendered":"https:\/\/www.huitres-st-vaast.com\/?page_id=3027"},"modified":"2024-11-29T11:24:39","modified_gmt":"2024-11-29T10:24:39","slug":"terms-and-conditions","status":"publish","type":"page","link":"https:\/\/www.huitres-st-vaast.com\/en\/terms-and-conditions\/","title":{"rendered":"Terms and Conditions"},"content":{"rendered":"\t\t<div data-elementor-type=\"wp-page\" data-elementor-id=\"3027\" class=\"elementor elementor-3027 elementor-3026\" data-elementor-post-type=\"page\">\n\t\t\t\t\t\t<section class=\"elementor-section elementor-top-section elementor-element elementor-element-c072083 pix-contenu-top elementor-section-boxed elementor-section-height-default elementor-section-height-default\" data-id=\"c072083\" data-element_type=\"section\" data-e-type=\"section\">\n\t\t\t\t\t\t<div class=\"elementor-container elementor-column-gap-default\">\n\t\t\t\t\t<div class=\"elementor-column elementor-col-100 elementor-top-column elementor-element elementor-element-7ddcfc7\" data-id=\"7ddcfc7\" data-element_type=\"column\" data-e-type=\"column\">\n\t\t\t<div class=\"elementor-widget-wrap elementor-element-populated\">\n\t\t\t\t\t\t<div class=\"elementor-element elementor-element-00f9677 elementor-widget elementor-widget-heading\" data-id=\"00f9677\" data-element_type=\"widget\" data-e-type=\"widget\" data-widget_type=\"heading.default\">\n\t\t\t\t<div class=\"elementor-widget-container\">\n\t\t\t\t\t<h1 class=\"elementor-heading-title elementor-size-default\">General Terms and Conditions of Sale<\/h1>\t\t\t\t<\/div>\n\t\t\t\t<\/div>\n\t\t\t\t\t<\/div>\n\t\t<\/div>\n\t\t\t\t\t<\/div>\n\t\t<\/section>\n\t\t\t\t<section class=\"elementor-section elementor-top-section elementor-element elementor-element-5f62e69d elementor-section-boxed elementor-section-height-default elementor-section-height-default\" data-id=\"5f62e69d\" data-element_type=\"section\" data-e-type=\"section\">\n\t\t\t\t\t\t<div class=\"elementor-container elementor-column-gap-default\">\n\t\t\t\t\t<div class=\"elementor-column elementor-col-100 elementor-top-column elementor-element elementor-element-414c4a77\" data-id=\"414c4a77\" data-element_type=\"column\" data-e-type=\"column\">\n\t\t\t<div class=\"elementor-widget-wrap elementor-element-populated\">\n\t\t\t\t\t\t<div class=\"elementor-element elementor-element-4c80f319 elementor-widget elementor-widget-text-editor\" data-id=\"4c80f319\" data-element_type=\"widget\" data-e-type=\"widget\" data-widget_type=\"text-editor.default\">\n\t\t\t\t<div class=\"elementor-widget-container\">\n\t\t\t\t\t\t\t\t\t<strong>1. LEGAL NOTICE<\/strong>\r\n\r\nHu\u00eetres H\u00e9lie\r\nTRADE NAME Oysters H\u00e9lie\r\nSAS with a capital of 100,000 euros\r\nRCS CHERBOURG D 930 121 587\r\nRue des Parcs \u2013 BP 19 \u2013 50550 Saint-Vaast-la-Hougue\r\nRepresented by its Managing Director, Mr. Wilfrid PETRIE\r\nAccommodation: www.ovh.com\r\n\r\n<strong>2. PURPOSE<\/strong>\r\n\r\n2.1. These General Terms and Conditions of Sale define the terms and conditions under which any person (hereinafter &#8220;the Customer&#8221;) orders and purchases the products sold by Hu\u00eetres H\u00e9lie (hereinafter &#8220;Hu\u00eetres H\u00e9lie&#8221;), within the framework of a distance selling system on the Internet, for goods defined in the sales catalogue of the Internet and mobile websites www.huitres-st-vaast.com (hereinafter &#8220;The Site&#8221;)\r\n\r\n<strong>3. APPLICATION OF THE GENERAL TERMS AND CONDITIONS OF SALE<\/strong>\r\n\r\n3.1. These General Terms and Conditions of Sale are brought to the attention of the Customer to enable him to place an order.\r\n3.2. The fact that the Client fulfils an order on the Website, and confirms the order, constitutes full and complete acceptance of these General Terms and Conditions of Sale, which will be the only ones applicable to the following contract.\r\n3.3. SCEA Hu\u00eetres H\u00e9lie reserves the right to modify these General Terms and Conditions of Sale in whole or in part and at any time.\r\n\r\n<strong>4. CHARACTERISTICS OF THE GOODS PROPOS\u00c9S<\/strong>\r\n\r\n4.1. The products offered to the Client are those that appear in the catalogue published on the Website, subject to the limits of available stocks and the proper functioning of the Website.\r\n4.2. Each product is presented accompanied by a photograph and a description drawn up by Hu\u00eetres H\u00e9lie. The descriptions are intended to present the essential characteristics of the products to the Client before the final order is placed and cannot in any way engage the responsibility of Hu\u00eetres H\u00e9lie. The photographs of the products are provided for information purposes only, and are not contractual.\r\n\r\n<strong>5. TAKING ORDERS AND CONFIRMATION<\/strong>\r\n\r\n5.1. Taking an order on the Site involves opening a Customer Account by entering two identifiers: an email address and a password. These identifiers are and must be kept confidential. The Customer&#8217;s right of access to the identifiers may be made by simple request to the Internet Customer Service of La Hu\u00eetres H\u00e9lie, which will only respond by e-mail to the address used to create the Customer Account.\r\n5.2. In order to place an order, the Client undertakes to fill in the mandatory fields with precision and rigour. As such, he undertakes to fill in full the various sections necessary for the proper processing of his order:\r\n&#8211; \u2022 Choice of product(s)\r\n&#8211; \u2022 Choice of billing address\r\n&#8211; \u2022 Choice of delivery address\r\n&#8211; \u2022 Choice of payment method chosen\r\n&#8211; \u2022 Order validation after verification\r\n&#8211; \u2022 Payment of the order under the conditions provided\r\n5.3. Oysters H\u00e9lie will confirm the order and its payment on the Site, following payment\r\nBy e-mail, to the EMAIL address indicated by the Client\r\n5.4. Oysters H\u00e9lie reserves the right to refuse an order in the event of a breach by the customer of one of its obligations, and more generally, to refuse any order of an abnormal or incomplete nature for any reason whatsoever. The order is only final after confirmation by Hu\u00eetres H\u00e9lie.\r\n5.5. Home shipments are made only in metropolitan France\r\n\r\n<strong>6. MEANS OF PAYMENT<\/strong>\r\n\r\n6.1. Payment for products is made by VISA and MASTERCARD credit card, online from the Site, through the secure payment system of the Hu\u00eetres H\u00e9lie banking institution. The validation of the payment by credit card is immediate.\r\n6.2. To be registered, the order must be paid in full. Unpaid orders cannot be delivered.\r\n\r\n<strong>7. PREUVE<\/strong>\r\n\r\n7.1. , The SCEA Hu\u00eetres H\u00e9lie, via its hosting provider OVH, keeps the purchase orders and invoices in its computer systems and under reasonable security conditions.\r\n7.2. Consequently, OVH&#8217;s computerized records constitute a reliable and durable medium that can be produced as evidence.\r\n\r\n<strong>8. RIGHT OF R\u00c9TRACTATION<\/strong>\r\n\r\n8.1. The 7-day withdrawal period does not apply to contracts for the supply of perishable or agri-food products, such as goods sold by Hu\u00eetres H\u00e9lie. Therefore, the Client cannot rely on it.\r\n8.2. However, as far as possible, a modification or cancellation on his part may be taken into account insofar as the package is being prepared, and has not yet been shipped. This possibility is appreciable on a case-by-case basis. In case of cancellation, a credit note for the amount of the order will be credited to the customer, no refund can be made.\r\n8.3. However, from the moment the package is handed over to the carrier, no modification or cancellation can be taken into account and the price paid will not be refunded.\r\n\r\n<strong>9. BREAKING STOCKS<\/strong>\r\n\r\n9.1. The products sold on the Site are offered within the limit of available stocks. A product that has become unavailable will be removed from the online product catalog as soon as possible.\r\n9.2. However, in the event of a stock shortage, Hu\u00eetres H\u00e9lie will contact the Client by telephone or e-mail as soon as possible in order to agree with him:\r\n&#8211; \u2022 to postpone delivery while waiting for the restocking of this product, when possible,\r\n&#8211; \u2022 Replace the product with another equivalent in quality and price.\r\n9.3. H\u00e9lie Oysters&#8217; products are made in an artisanal way and are available in limited quantities. For all intents and purposes, it is important to note that orders placed during the holiday season (especially the end of year celebrations) may result in greater risks of stock shortages compared to those made during other periods of the year.\r\n\r\n<strong>10. PRICE<\/strong>\r\n\r\n10.1. The prices indicated at the departure from the laboratory, Oysters H\u00e9lie on the site, are prices including VAT, excluding shipping costs. Shipping costs are indicated at the time of validation of the basket.\r\n10.2. Delivery costs are charged in addition to the price of the goods. Delivery rates depend on the shipping location and the shipping method chosen.\r\n10.3- REMINDER, H\u00e9lie Oysters does not make deliveries outside of mainland France.\r\n\r\n<strong>11. DELIVERY OF PRODUITS<\/strong>\r\n\r\n11.1. Home shipments are made only in metropolitan France, within the deadlines indicated when the order is placed by the Customer. The SCEA Hu\u00eetres H\u00e9lie is not structured to make deliveries outside Metropolitan France.\r\n11.2. The Client is responsible for the information relating to the name and address of the recipient. These details must be precise, accurate, and complete (in particular door and floor code) to allow delivery under normal conditions.\r\n11.3. H\u00e9lie Oysters cannot be held responsible for a return of delivery due to an error in the address or an impossibility to deliver to the address indicated.\r\n11.4. In the event that a delivery address is incomplete or inaccurate, Hu\u00eetres H\u00e9lie reserves the right to contact the recipient directly by telephone or e-mail, in order to complete with him\/her the missing delivery information insofar as the telephone number or email is not incorrect and the recipient is available.\r\n11.5. Orders indicating an address in a PO Box cannot be taken into account and processed.\r\n11.6. In the event of the absence of the recipient or of a person who can take possession of the products at the time of delivery, and to the extent that the recipient has access to the recipient&#8217;s mailbox, the carrier will leave a notice inviting the recipient to come and collect his product at a designated post office. \u2028Under no circumstances can Hu\u00eetres H\u00e9lie be held responsible for any deterioration of the products due to their late collection from the carrier.\r\n11.7. Damages cannot be awarded if delivery deadlines are exceeded.\r\n11.8. The delivery times indicated on the item sheet and on the &#8220;delivery times and costs&#8221; page are usual average times and correspond to the shipping processing times (time mentioned on the item sheet), plus the delivery time. . Delivery time cannot be guaranteed during festive periods such as Christmas, Easter, Valentine&#8217;s Day or Mother&#8217;s Day. Hu\u00eetres H\u00e9lie cannot be held responsible for the consequences due to a delay in delivery. Any order not shipped within 30 days of the order being placed is cancelled, unless otherwise stipulated and announced in the offer to sell.\r\n11.9. Finally, if the product, under the responsibility of the carrier, has not been delivered, for any other cause related to customs, strikes or damage or any other cause of force majeure as defined by the courts, the sale may then be cancelled and the Client may obtain a refund of its price to the exclusion of any other compensation or damages.\r\n\r\n<strong>12. WARRANTY OF PRODUCTS<\/strong>\r\n\r\n12.1. SCEA Hu\u00eetres H\u00e9lie guarantees the Customer that the products are manufactured and packaged according to strict quality rules, and stored in accordance with the standards in force in France.\r\n12.2. However, Hu\u00eetres H\u00e9lie cannot extend its warranty on its products if the Customer has not complied with optimal storage conditions, or if the Customer has consumed products beyond the shelf life date indicated on the packaging.\r\n\r\n<strong>13. INTELLECTUAL PROPERTY<\/strong>\r\n\r\n13.1. All elements of the Site (photographs, illustrations, pictograms, and descriptions, logo, brand) are and remain the intellectual and exclusive property of Hu\u00eetres H\u00e9lie.\r\n13.2. The reproduction, representation, exploitation, redistribution, or use for any reason whatsoever, even partially, of the elements of the Site, whether software, visual or sound, are subject to the express prior authorization of Hu\u00eetres H\u00e9lie, holder of all intellectual property rights.\r\n\r\n14. <strong>PERSONAL DATA PROTECTION<\/strong>\r\n\r\n14.1. By ordering via the Site, the Customer consents to the use by Hu\u00eetres H\u00e9lie of personal data concerning him\/her. This data is necessary to ensure the proper processing of orders.\r\n14.2. All of this information is treated with the utmost rigour and discretion. The file containing this information has been declared to the Commission Nationale de l&#8217;Informatique et des Libert\u00e9s (number 1189169).\r\n14.3. In accordance with Article 34 of the French Data Protection Act of 6 January 1978, the Client has the right to access, rectify and delete data concerning him\/her. To exercise this right and obtain communication of information, the Customer may contact Hu\u00eetres H\u00e9lie at the address contact@huitres-helie.com. Applications are processed within a maximum of one month.\r\n\r\n<strong>15. INDEPENDENCE OF CLAUSES<\/strong>\r\n\r\n15.1. If any of these terms and conditions are declared unenforceable or are invalidated for any reason, such invalidity shall not affect the application or validity of the other provisions of the general terms and conditions, the one invalidated or deemed unenforceable being replaced by the closest possible provision.\r\n\r\n<strong>16. FORCE MAJEURE<\/strong>\r\n\r\n16.1. Neither SCEA Hu\u00eetres H\u00e9lie nor the Client can be held liable for any non-performance, non-performance or delay in the performance of one of its obligations described in these General Terms and Conditions of Sale that would have the origin of a case of force majeure.\r\n16.2. In this respect, force majeure means any external, unforeseeable and irresistible event within the meaning of Article 1148 of the Civil Code. Expressly the following are considered to be cases of force majeure or fortuitous events, in addition to those usually retained by the case law of the French courts and tribunals: Total or partial strikes, lock-outs, riots, civil disturbances, insurrections, wars, bad weather, epidemics, blockades of means of transport or supplies for any reason whatsoever, earthquakes, fires, storms, etc. flooding, water damage, governmental or legal restrictions, legal or regulatory changes in forms of marketing, computer failure, blockage of telecommunications, including telecommunications networks.\r\n\r\n<strong>17.APPLICABLE LAW-LITIGES<\/strong>\r\n\r\n17.1.This contract is subject to French law. The language of this contract is French. In the event of a dispute, only the courts located in the district to which the\r\nThe SCEA Hu\u00eetres H\u00e9lie will be competent.\r\n\r\n<strong>18.CUSTOMER SERVICE<\/strong>\r\n\r\nFor any information or question, our customer service is at your disposal:\r\n\r\nTel: 02 33 54 42 70\r\nFax: 02 33 54 43 70\r\n(Tuesday to Saturday from 9 am to 12:30 pm and 2 pm to 5:00 pm)\r\n\r\nAddress:\r\nHu\u00eetres H\u00e9lieRue des Parcs \u2013 BP 1950550 Saint-Vaast-la-Hougue\r\n\r\n&nbsp;\r\n\r\ne\t\t\t\t\t\t\t\t<\/div>\n\t\t\t\t<\/div>\n\t\t\t\t\t<\/div>\n\t\t<\/div>\n\t\t\t\t\t<\/div>\n\t\t<\/section>\n\t\t\t\t<\/div>\n\t\t","protected":false},"excerpt":{"rendered":"<p>General Terms and Conditions of Sale 1. LEGAL NOTICE Hu\u00eetres H\u00e9lie TRADE NAME Oysters H\u00e9lie SAS with a capital of 100,000 euros RCS CHERBOURG D 930 121 587 Rue des Parcs \u2013 BP 19 \u2013 50550 Saint-Vaast-la-Hougue Represented by its Managing Director, Mr. Wilfrid PETRIE Accommodation: www.ovh.com 2. PURPOSE 2.1. These General Terms and Conditions [&hellip;]<\/p>\n","protected":false},"author":1,"featured_media":0,"parent":0,"menu_order":11,"comment_status":"closed","ping_status":"closed","template":"","meta":{"footnotes":""},"class_list":["post-3027","page","type-page","status-publish","hentry"],"yoast_head":"<!-- This site is optimized with the Yoast SEO plugin v27.5 - https:\/\/yoast.com\/product\/yoast-seo-wordpress\/ -->\n<title>Terms and Conditions - Hu\u00eetres H\u00e9lie<\/title>\n<meta name=\"robots\" content=\"index, follow, max-snippet:-1, max-image-preview:large, max-video-preview:-1\" \/>\n<link rel=\"canonical\" href=\"https:\/\/www.huitres-st-vaast.com\/en\/terms-and-conditions\/\" \/>\n<meta property=\"og:locale\" content=\"en_US\" \/>\n<meta property=\"og:type\" content=\"article\" \/>\n<meta property=\"og:title\" content=\"Terms and Conditions - Hu\u00eetres H\u00e9lie\" \/>\n<meta property=\"og:description\" content=\"General Terms and Conditions of Sale 1. LEGAL NOTICE Hu\u00eetres H\u00e9lie TRADE NAME Oysters H\u00e9lie SAS with a capital of 100,000 euros RCS CHERBOURG D 930 121 587 Rue des Parcs \u2013 BP 19 \u2013 50550 Saint-Vaast-la-Hougue Represented by its Managing Director, Mr. Wilfrid PETRIE Accommodation: www.ovh.com 2. PURPOSE 2.1. These General Terms and Conditions [&hellip;]\" \/>\n<meta property=\"og:url\" content=\"https:\/\/www.huitres-st-vaast.com\/en\/terms-and-conditions\/\" \/>\n<meta property=\"og:site_name\" content=\"Hu\u00eetres H\u00e9lie\" \/>\n<meta property=\"article:publisher\" content=\"https:\/\/www.facebook.com\/huitreshelie\" \/>\n<meta property=\"article:modified_time\" content=\"2024-11-29T10:24:39+00:00\" \/>\n<meta name=\"twitter:card\" content=\"summary_large_image\" \/>\n<meta name=\"twitter:label1\" content=\"Est. reading time\" \/>\n\t<meta name=\"twitter:data1\" content=\"10 minutes\" \/>\n<script type=\"application\/ld+json\" class=\"yoast-schema-graph\">{\"@context\":\"https:\\\/\\\/schema.org\",\"@graph\":[{\"@type\":\"WebPage\",\"@id\":\"https:\\\/\\\/www.huitres-st-vaast.com\\\/en\\\/terms-and-conditions\\\/\",\"url\":\"https:\\\/\\\/www.huitres-st-vaast.com\\\/en\\\/terms-and-conditions\\\/\",\"name\":\"Terms and Conditions - Hu\u00eetres H\u00e9lie\",\"isPartOf\":{\"@id\":\"https:\\\/\\\/www.huitres-st-vaast.com\\\/#website\"},\"datePublished\":\"2021-12-10T15:26:59+00:00\",\"dateModified\":\"2024-11-29T10:24:39+00:00\",\"breadcrumb\":{\"@id\":\"https:\\\/\\\/www.huitres-st-vaast.com\\\/en\\\/terms-and-conditions\\\/#breadcrumb\"},\"inLanguage\":\"en-US\",\"potentialAction\":[{\"@type\":\"ReadAction\",\"target\":[\"https:\\\/\\\/www.huitres-st-vaast.com\\\/en\\\/terms-and-conditions\\\/\"]}]},{\"@type\":\"BreadcrumbList\",\"@id\":\"https:\\\/\\\/www.huitres-st-vaast.com\\\/en\\\/terms-and-conditions\\\/#breadcrumb\",\"itemListElement\":[{\"@type\":\"ListItem\",\"position\":1,\"name\":\"Accueil\",\"item\":\"https:\\\/\\\/www.huitres-st-vaast.com\\\/\"},{\"@type\":\"ListItem\",\"position\":2,\"name\":\"Terms and Conditions\"}]},{\"@type\":\"WebSite\",\"@id\":\"https:\\\/\\\/www.huitres-st-vaast.com\\\/#website\",\"url\":\"https:\\\/\\\/www.huitres-st-vaast.com\\\/\",\"name\":\"Hu\u00eetres H\u00e9lie\",\"description\":\"Hu\u00eetres fraiches de Normandie\",\"publisher\":{\"@id\":\"https:\\\/\\\/www.huitres-st-vaast.com\\\/#organization\"},\"potentialAction\":[{\"@type\":\"SearchAction\",\"target\":{\"@type\":\"EntryPoint\",\"urlTemplate\":\"https:\\\/\\\/www.huitres-st-vaast.com\\\/?s={search_term_string}\"},\"query-input\":{\"@type\":\"PropertyValueSpecification\",\"valueRequired\":true,\"valueName\":\"search_term_string\"}}],\"inLanguage\":\"en-US\"},{\"@type\":\"Organization\",\"@id\":\"https:\\\/\\\/www.huitres-st-vaast.com\\\/#organization\",\"name\":\"Hu\u00eetres H\u00e9lie\",\"url\":\"https:\\\/\\\/www.huitres-st-vaast.com\\\/\",\"logo\":{\"@type\":\"ImageObject\",\"inLanguage\":\"en-US\",\"@id\":\"https:\\\/\\\/www.huitres-st-vaast.com\\\/#\\\/schema\\\/logo\\\/image\\\/\",\"url\":\"https:\\\/\\\/www.huitres-st-vaast.com\\\/wp-content\\\/uploads\\\/2024\\\/11\\\/logo.webp\",\"contentUrl\":\"https:\\\/\\\/www.huitres-st-vaast.com\\\/wp-content\\\/uploads\\\/2024\\\/11\\\/logo.webp\",\"width\":645,\"height\":337,\"caption\":\"Hu\u00eetres H\u00e9lie\"},\"image\":{\"@id\":\"https:\\\/\\\/www.huitres-st-vaast.com\\\/#\\\/schema\\\/logo\\\/image\\\/\"},\"sameAs\":[\"https:\\\/\\\/www.facebook.com\\\/huitreshelie\",\"https:\\\/\\\/www.instagram.com\\\/huitres_helie\",\"https:\\\/\\\/www.youtube.com\\\/channel\\\/UC9EJR2gJXzsMPxr9Ph4nf2A\"]}]}<\/script>\n<!-- \/ Yoast SEO plugin. -->","yoast_head_json":{"title":"Terms and Conditions - Hu\u00eetres H\u00e9lie","robots":{"index":"index","follow":"follow","max-snippet":"max-snippet:-1","max-image-preview":"max-image-preview:large","max-video-preview":"max-video-preview:-1"},"canonical":"https:\/\/www.huitres-st-vaast.com\/en\/terms-and-conditions\/","og_locale":"en_US","og_type":"article","og_title":"Terms and Conditions - Hu\u00eetres H\u00e9lie","og_description":"General Terms and Conditions of Sale 1. LEGAL NOTICE Hu\u00eetres H\u00e9lie TRADE NAME Oysters H\u00e9lie SAS with a capital of 100,000 euros RCS CHERBOURG D 930 121 587 Rue des Parcs \u2013 BP 19 \u2013 50550 Saint-Vaast-la-Hougue Represented by its Managing Director, Mr. Wilfrid PETRIE Accommodation: www.ovh.com 2. PURPOSE 2.1. These General Terms and Conditions [&hellip;]","og_url":"https:\/\/www.huitres-st-vaast.com\/en\/terms-and-conditions\/","og_site_name":"Hu\u00eetres H\u00e9lie","article_publisher":"https:\/\/www.facebook.com\/huitreshelie","article_modified_time":"2024-11-29T10:24:39+00:00","twitter_card":"summary_large_image","twitter_misc":{"Est. reading time":"10 minutes"},"schema":{"@context":"https:\/\/schema.org","@graph":[{"@type":"WebPage","@id":"https:\/\/www.huitres-st-vaast.com\/en\/terms-and-conditions\/","url":"https:\/\/www.huitres-st-vaast.com\/en\/terms-and-conditions\/","name":"Terms and Conditions - Hu\u00eetres H\u00e9lie","isPartOf":{"@id":"https:\/\/www.huitres-st-vaast.com\/#website"},"datePublished":"2021-12-10T15:26:59+00:00","dateModified":"2024-11-29T10:24:39+00:00","breadcrumb":{"@id":"https:\/\/www.huitres-st-vaast.com\/en\/terms-and-conditions\/#breadcrumb"},"inLanguage":"en-US","potentialAction":[{"@type":"ReadAction","target":["https:\/\/www.huitres-st-vaast.com\/en\/terms-and-conditions\/"]}]},{"@type":"BreadcrumbList","@id":"https:\/\/www.huitres-st-vaast.com\/en\/terms-and-conditions\/#breadcrumb","itemListElement":[{"@type":"ListItem","position":1,"name":"Accueil","item":"https:\/\/www.huitres-st-vaast.com\/"},{"@type":"ListItem","position":2,"name":"Terms and Conditions"}]},{"@type":"WebSite","@id":"https:\/\/www.huitres-st-vaast.com\/#website","url":"https:\/\/www.huitres-st-vaast.com\/","name":"Hu\u00eetres H\u00e9lie","description":"Hu\u00eetres fraiches de Normandie","publisher":{"@id":"https:\/\/www.huitres-st-vaast.com\/#organization"},"potentialAction":[{"@type":"SearchAction","target":{"@type":"EntryPoint","urlTemplate":"https:\/\/www.huitres-st-vaast.com\/?s={search_term_string}"},"query-input":{"@type":"PropertyValueSpecification","valueRequired":true,"valueName":"search_term_string"}}],"inLanguage":"en-US"},{"@type":"Organization","@id":"https:\/\/www.huitres-st-vaast.com\/#organization","name":"Hu\u00eetres H\u00e9lie","url":"https:\/\/www.huitres-st-vaast.com\/","logo":{"@type":"ImageObject","inLanguage":"en-US","@id":"https:\/\/www.huitres-st-vaast.com\/#\/schema\/logo\/image\/","url":"https:\/\/www.huitres-st-vaast.com\/wp-content\/uploads\/2024\/11\/logo.webp","contentUrl":"https:\/\/www.huitres-st-vaast.com\/wp-content\/uploads\/2024\/11\/logo.webp","width":645,"height":337,"caption":"Hu\u00eetres H\u00e9lie"},"image":{"@id":"https:\/\/www.huitres-st-vaast.com\/#\/schema\/logo\/image\/"},"sameAs":["https:\/\/www.facebook.com\/huitreshelie","https:\/\/www.instagram.com\/huitres_helie","https:\/\/www.youtube.com\/channel\/UC9EJR2gJXzsMPxr9Ph4nf2A"]}]}},"_links":{"self":[{"href":"https:\/\/www.huitres-st-vaast.com\/en\/wp-json\/wp\/v2\/pages\/3027","targetHints":{"allow":["GET"]}}],"collection":[{"href":"https:\/\/www.huitres-st-vaast.com\/en\/wp-json\/wp\/v2\/pages"}],"about":[{"href":"https:\/\/www.huitres-st-vaast.com\/en\/wp-json\/wp\/v2\/types\/page"}],"author":[{"embeddable":true,"href":"https:\/\/www.huitres-st-vaast.com\/en\/wp-json\/wp\/v2\/users\/1"}],"replies":[{"embeddable":true,"href":"https:\/\/www.huitres-st-vaast.com\/en\/wp-json\/wp\/v2\/comments?post=3027"}],"version-history":[{"count":3,"href":"https:\/\/www.huitres-st-vaast.com\/en\/wp-json\/wp\/v2\/pages\/3027\/revisions"}],"predecessor-version":[{"id":4399,"href":"https:\/\/www.huitres-st-vaast.com\/en\/wp-json\/wp\/v2\/pages\/3027\/revisions\/4399"}],"wp:attachment":[{"href":"https:\/\/www.huitres-st-vaast.com\/en\/wp-json\/wp\/v2\/media?parent=3027"}],"curies":[{"name":"wp","href":"https:\/\/api.w.org\/{rel}","templated":true}]}}