{"id":4575,"date":"2024-12-10T15:08:50","date_gmt":"2024-12-10T14:08:50","guid":{"rendered":"https:\/\/www.huitres-st-vaast.com\/our-oysters-available-for-click-and-collect\/"},"modified":"2024-12-11T12:00:31","modified_gmt":"2024-12-11T11:00:31","slug":"our-oysters-available-for-click-and-collect","status":"publish","type":"page","link":"https:\/\/www.huitres-st-vaast.com\/en\/our-oysters-available-for-click-and-collect\/","title":{"rendered":"Our oysters available for click and collect"},"content":{"rendered":"\t\t<div data-elementor-type=\"wp-page\" data-elementor-id=\"4575\" class=\"elementor elementor-4575 elementor-4543\" data-elementor-post-type=\"page\">\n\t\t\t\t<div class=\"elementor-element elementor-element-373d616 e-con-full e-flex e-con e-parent\" data-id=\"373d616\" data-element_type=\"container\" data-e-type=\"container\">\n\t\t\t\t<div class=\"elementor-element elementor-element-9ee695a elementor-widget elementor-widget-pix_widget_hero_page\" data-id=\"9ee695a\" data-element_type=\"widget\" data-e-type=\"widget\" data-widget_type=\"pix_widget_hero_page.default\">\n\t\t\t\t<div class=\"elementor-widget-container\">\n\t\t\t\t\t<div class=\"pix-widget-hero-page\"><img decoding=\"async\" src=\"https:\/\/www.huitres-st-vaast.com\/wp-content\/uploads\/2024\/11\/2-N3-ADHelie-Diner.webp\" alt=\"Click and collect\" class=\"hero-page-image\" \/><div class=\"pix-widget-hero-page-content\"><h1>Click and collect<\/h1><div class=\"hero-page-content\"><p>New: Click and Collect in Paris. Order your oysters on our online store and pick them up at our partner locations.<\/p><\/div><\/div><\/div>\t\t\t\t<\/div>\n\t\t\t\t<\/div>\n\t\t\t\t<\/div>\n\t\t<div class=\"elementor-element elementor-element-7f8078a e-flex e-con-boxed e-con e-parent\" data-id=\"7f8078a\" data-element_type=\"container\" data-e-type=\"container\">\n\t\t\t\t\t<div class=\"e-con-inner\">\n\t\t\t\t<div class=\"elementor-element elementor-element-87d9ddd elementor-widget elementor-widget-spacer\" data-id=\"87d9ddd\" data-element_type=\"widget\" data-e-type=\"widget\" data-widget_type=\"spacer.default\">\n\t\t\t\t<div class=\"elementor-widget-container\">\n\t\t\t\t\t\t\t<div class=\"elementor-spacer\">\n\t\t\t<div class=\"elementor-spacer-inner\"><\/div>\n\t\t<\/div>\n\t\t\t\t\t\t<\/div>\n\t\t\t\t<\/div>\n\t\t\t\t<div class=\"elementor-element elementor-element-96f2b63 elementor-widget elementor-widget-heading\" data-id=\"96f2b63\" data-element_type=\"widget\" data-e-type=\"widget\" data-widget_type=\"heading.default\">\n\t\t\t\t<div class=\"elementor-widget-container\">\n\t\t\t\t\t<h2 class=\"elementor-heading-title elementor-size-default\">Discover our oysters available for click and collect.<\/h2>\t\t\t\t<\/div>\n\t\t\t\t<\/div>\n\t\t\t\t<div class=\"elementor-element elementor-element-fc23581 elementor-widget elementor-widget-shortcode\" data-id=\"fc23581\" data-element_type=\"widget\" data-e-type=\"widget\" data-widget_type=\"shortcode.default\">\n\t\t\t\t<div class=\"elementor-widget-container\">\n\t\t\t\t\t\t\t<div class=\"elementor-shortcode\"><div class=\"pix-products-grid\"><\/div><\/div>\n\t\t\t\t\t\t<\/div>\n\t\t\t\t<\/div>\n\t\t\t\t\t<\/div>\n\t\t\t\t<\/div>\n\t\t<div class=\"elementor-element elementor-element-12aebdf e-flex e-con-boxed e-con e-parent\" data-id=\"12aebdf\" data-element_type=\"container\" data-e-type=\"container\">\n\t\t\t\t\t<div class=\"e-con-inner\">\n\t\t\t\t<div class=\"elementor-element elementor-element-bc2529a elementor-widget elementor-widget-shortcode\" data-id=\"bc2529a\" data-element_type=\"widget\" data-e-type=\"widget\" data-widget_type=\"shortcode.default\">\n\t\t\t\t<div class=\"elementor-widget-container\">\n\t\t\t\t\t\t\t<div class=\"elementor-shortcode\"><div id=\"map\" class=\"map\"><iframe src=\"https:\/\/www.huitres-st-vaast.com\/wp-content\/themes\/huitreshelie-new\/points-relais.inc.php?lg=en&#038;width=100%&#038;height=580px\" width=\"100%\" height=\"580\" frameborder=\"0\" scrolling=\"no\"><\/iframe><\/div><\/div>\n\t\t\t\t\t\t<\/div>\n\t\t\t\t<\/div>\n\t\t\t\t<div class=\"elementor-element elementor-element-03889d7 elementor-widget elementor-widget-text-editor\" data-id=\"03889d7\" data-element_type=\"widget\" data-e-type=\"widget\" data-widget_type=\"text-editor.default\">\n\t\t\t\t<div class=\"elementor-widget-container\">\n\t\t\t\t\t\t\t\t\t<p><a href=\"https:\/\/www.huitres-st-vaast.com\/en\/shop\/\" class=\"pix-bouton\">See our delivery products<\/a><\/p>\n\t\t\t\t\t\t\t\t<\/div>\n\t\t\t\t<\/div>\n\t\t\t\t\t<\/div>\n\t\t\t\t<\/div>\n\t\t\t\t<\/div>\n\t\t","protected":false},"excerpt":{"rendered":"<p>Click and collect New: Click and Collect in Paris. Order your oysters on our online store and pick them up at our partner locations. Discover our oysters available for click and collect. See our delivery products<\/p>\n","protected":false},"author":1,"featured_media":0,"parent":0,"menu_order":4,"comment_status":"closed","ping_status":"closed","template":"","meta":{"footnotes":""},"class_list":["post-4575","page","type-page","status-publish","hentry"],"yoast_head":"<!-- This site is optimized with the Yoast SEO plugin v27.5 - https:\/\/yoast.com\/product\/yoast-seo-wordpress\/ -->\n<title>Our oysters available for click and collect - Hu\u00eetres H\u00e9lie<\/title>\n<meta name=\"robots\" content=\"index, follow, max-snippet:-1, max-image-preview:large, max-video-preview:-1\" \/>\n<link rel=\"canonical\" href=\"https:\/\/www.huitres-st-vaast.com\/en\/our-oysters-available-for-click-and-collect\/\" \/>\n<meta property=\"og:locale\" content=\"en_US\" \/>\n<meta property=\"og:type\" content=\"article\" \/>\n<meta property=\"og:title\" content=\"Our oysters available for click and collect - Hu\u00eetres H\u00e9lie\" \/>\n<meta property=\"og:description\" content=\"Click and collect New: Click and Collect in Paris. Order your oysters on our online store and pick them up at our partner locations. Discover our oysters available for click and collect. See our delivery products\" \/>\n<meta property=\"og:url\" content=\"https:\/\/www.huitres-st-vaast.com\/en\/our-oysters-available-for-click-and-collect\/\" \/>\n<meta property=\"og:site_name\" content=\"Hu\u00eetres H\u00e9lie\" \/>\n<meta property=\"article:publisher\" content=\"https:\/\/www.facebook.com\/huitreshelie\" \/>\n<meta property=\"article:modified_time\" content=\"2024-12-11T11:00:31+00:00\" \/>\n<meta property=\"og:image\" content=\"https:\/\/www.huitres-st-vaast.com\/wp-content\/uploads\/2024\/11\/2-N3-ADHelie-Diner.webp\" \/>\n<meta name=\"twitter:card\" content=\"summary_large_image\" \/>\n<meta name=\"twitter:label1\" content=\"Est. reading time\" \/>\n\t<meta name=\"twitter:data1\" content=\"1 minute\" \/>\n<script type=\"application\/ld+json\" class=\"yoast-schema-graph\">{\"@context\":\"https:\\\/\\\/schema.org\",\"@graph\":[{\"@type\":\"WebPage\",\"@id\":\"https:\\\/\\\/www.huitres-st-vaast.com\\\/en\\\/our-oysters-available-for-click-and-collect\\\/\",\"url\":\"https:\\\/\\\/www.huitres-st-vaast.com\\\/en\\\/our-oysters-available-for-click-and-collect\\\/\",\"name\":\"Our oysters available for click and collect - Hu\u00eetres H\u00e9lie\",\"isPartOf\":{\"@id\":\"https:\\\/\\\/www.huitres-st-vaast.com\\\/#website\"},\"primaryImageOfPage\":{\"@id\":\"https:\\\/\\\/www.huitres-st-vaast.com\\\/en\\\/our-oysters-available-for-click-and-collect\\\/#primaryimage\"},\"image\":{\"@id\":\"https:\\\/\\\/www.huitres-st-vaast.com\\\/en\\\/our-oysters-available-for-click-and-collect\\\/#primaryimage\"},\"thumbnailUrl\":\"https:\\\/\\\/www.huitres-st-vaast.com\\\/wp-content\\\/uploads\\\/2024\\\/11\\\/2-N3-ADHelie-Diner.webp\",\"datePublished\":\"2024-12-10T14:08:50+00:00\",\"dateModified\":\"2024-12-11T11:00:31+00:00\",\"breadcrumb\":{\"@id\":\"https:\\\/\\\/www.huitres-st-vaast.com\\\/en\\\/our-oysters-available-for-click-and-collect\\\/#breadcrumb\"},\"inLanguage\":\"en-US\",\"potentialAction\":[{\"@type\":\"ReadAction\",\"target\":[\"https:\\\/\\\/www.huitres-st-vaast.com\\\/en\\\/our-oysters-available-for-click-and-collect\\\/\"]}]},{\"@type\":\"ImageObject\",\"inLanguage\":\"en-US\",\"@id\":\"https:\\\/\\\/www.huitres-st-vaast.com\\\/en\\\/our-oysters-available-for-click-and-collect\\\/#primaryimage\",\"url\":\"https:\\\/\\\/www.huitres-st-vaast.com\\\/wp-content\\\/uploads\\\/2024\\\/11\\\/2-N3-ADHelie-Diner.webp\",\"contentUrl\":\"https:\\\/\\\/www.huitres-st-vaast.com\\\/wp-content\\\/uploads\\\/2024\\\/11\\\/2-N3-ADHelie-Diner.webp\"},{\"@type\":\"BreadcrumbList\",\"@id\":\"https:\\\/\\\/www.huitres-st-vaast.com\\\/en\\\/our-oysters-available-for-click-and-collect\\\/#breadcrumb\",\"itemListElement\":[{\"@type\":\"ListItem\",\"position\":1,\"name\":\"Accueil\",\"item\":\"https:\\\/\\\/www.huitres-st-vaast.com\\\/\"},{\"@type\":\"ListItem\",\"position\":2,\"name\":\"Our oysters available for click and collect\"}]},{\"@type\":\"WebSite\",\"@id\":\"https:\\\/\\\/www.huitres-st-vaast.com\\\/#website\",\"url\":\"https:\\\/\\\/www.huitres-st-vaast.com\\\/\",\"name\":\"Hu\u00eetres H\u00e9lie\",\"description\":\"Hu\u00eetres fraiches de Normandie\",\"publisher\":{\"@id\":\"https:\\\/\\\/www.huitres-st-vaast.com\\\/#organization\"},\"potentialAction\":[{\"@type\":\"SearchAction\",\"target\":{\"@type\":\"EntryPoint\",\"urlTemplate\":\"https:\\\/\\\/www.huitres-st-vaast.com\\\/?s={search_term_string}\"},\"query-input\":{\"@type\":\"PropertyValueSpecification\",\"valueRequired\":true,\"valueName\":\"search_term_string\"}}],\"inLanguage\":\"en-US\"},{\"@type\":\"Organization\",\"@id\":\"https:\\\/\\\/www.huitres-st-vaast.com\\\/#organization\",\"name\":\"Hu\u00eetres H\u00e9lie\",\"url\":\"https:\\\/\\\/www.huitres-st-vaast.com\\\/\",\"logo\":{\"@type\":\"ImageObject\",\"inLanguage\":\"en-US\",\"@id\":\"https:\\\/\\\/www.huitres-st-vaast.com\\\/#\\\/schema\\\/logo\\\/image\\\/\",\"url\":\"https:\\\/\\\/www.huitres-st-vaast.com\\\/wp-content\\\/uploads\\\/2024\\\/11\\\/logo.webp\",\"contentUrl\":\"https:\\\/\\\/www.huitres-st-vaast.com\\\/wp-content\\\/uploads\\\/2024\\\/11\\\/logo.webp\",\"width\":645,\"height\":337,\"caption\":\"Hu\u00eetres H\u00e9lie\"},\"image\":{\"@id\":\"https:\\\/\\\/www.huitres-st-vaast.com\\\/#\\\/schema\\\/logo\\\/image\\\/\"},\"sameAs\":[\"https:\\\/\\\/www.facebook.com\\\/huitreshelie\",\"https:\\\/\\\/www.instagram.com\\\/huitres_helie\",\"https:\\\/\\\/www.youtube.com\\\/channel\\\/UC9EJR2gJXzsMPxr9Ph4nf2A\"]}]}<\/script>\n<!-- \/ Yoast SEO plugin. -->","yoast_head_json":{"title":"Our oysters available for click and collect - Hu\u00eetres H\u00e9lie","robots":{"index":"index","follow":"follow","max-snippet":"max-snippet:-1","max-image-preview":"max-image-preview:large","max-video-preview":"max-video-preview:-1"},"canonical":"https:\/\/www.huitres-st-vaast.com\/en\/our-oysters-available-for-click-and-collect\/","og_locale":"en_US","og_type":"article","og_title":"Our oysters available for click and collect - Hu\u00eetres H\u00e9lie","og_description":"Click and collect New: Click and Collect in Paris. Order your oysters on our online store and pick them up at our partner locations. Discover our oysters available for click and collect. See our delivery products","og_url":"https:\/\/www.huitres-st-vaast.com\/en\/our-oysters-available-for-click-and-collect\/","og_site_name":"Hu\u00eetres H\u00e9lie","article_publisher":"https:\/\/www.facebook.com\/huitreshelie","article_modified_time":"2024-12-11T11:00:31+00:00","og_image":[{"url":"https:\/\/www.huitres-st-vaast.com\/wp-content\/uploads\/2024\/11\/2-N3-ADHelie-Diner.webp","type":"","width":"","height":""}],"twitter_card":"summary_large_image","twitter_misc":{"Est. reading time":"1 minute"},"schema":{"@context":"https:\/\/schema.org","@graph":[{"@type":"WebPage","@id":"https:\/\/www.huitres-st-vaast.com\/en\/our-oysters-available-for-click-and-collect\/","url":"https:\/\/www.huitres-st-vaast.com\/en\/our-oysters-available-for-click-and-collect\/","name":"Our oysters available for click and collect - Hu\u00eetres H\u00e9lie","isPartOf":{"@id":"https:\/\/www.huitres-st-vaast.com\/#website"},"primaryImageOfPage":{"@id":"https:\/\/www.huitres-st-vaast.com\/en\/our-oysters-available-for-click-and-collect\/#primaryimage"},"image":{"@id":"https:\/\/www.huitres-st-vaast.com\/en\/our-oysters-available-for-click-and-collect\/#primaryimage"},"thumbnailUrl":"https:\/\/www.huitres-st-vaast.com\/wp-content\/uploads\/2024\/11\/2-N3-ADHelie-Diner.webp","datePublished":"2024-12-10T14:08:50+00:00","dateModified":"2024-12-11T11:00:31+00:00","breadcrumb":{"@id":"https:\/\/www.huitres-st-vaast.com\/en\/our-oysters-available-for-click-and-collect\/#breadcrumb"},"inLanguage":"en-US","potentialAction":[{"@type":"ReadAction","target":["https:\/\/www.huitres-st-vaast.com\/en\/our-oysters-available-for-click-and-collect\/"]}]},{"@type":"ImageObject","inLanguage":"en-US","@id":"https:\/\/www.huitres-st-vaast.com\/en\/our-oysters-available-for-click-and-collect\/#primaryimage","url":"https:\/\/www.huitres-st-vaast.com\/wp-content\/uploads\/2024\/11\/2-N3-ADHelie-Diner.webp","contentUrl":"https:\/\/www.huitres-st-vaast.com\/wp-content\/uploads\/2024\/11\/2-N3-ADHelie-Diner.webp"},{"@type":"BreadcrumbList","@id":"https:\/\/www.huitres-st-vaast.com\/en\/our-oysters-available-for-click-and-collect\/#breadcrumb","itemListElement":[{"@type":"ListItem","position":1,"name":"Accueil","item":"https:\/\/www.huitres-st-vaast.com\/"},{"@type":"ListItem","position":2,"name":"Our oysters available for click and collect"}]},{"@type":"WebSite","@id":"https:\/\/www.huitres-st-vaast.com\/#website","url":"https:\/\/www.huitres-st-vaast.com\/","name":"Hu\u00eetres H\u00e9lie","description":"Hu\u00eetres fraiches de Normandie","publisher":{"@id":"https:\/\/www.huitres-st-vaast.com\/#organization"},"potentialAction":[{"@type":"SearchAction","target":{"@type":"EntryPoint","urlTemplate":"https:\/\/www.huitres-st-vaast.com\/?s={search_term_string}"},"query-input":{"@type":"PropertyValueSpecification","valueRequired":true,"valueName":"search_term_string"}}],"inLanguage":"en-US"},{"@type":"Organization","@id":"https:\/\/www.huitres-st-vaast.com\/#organization","name":"Hu\u00eetres H\u00e9lie","url":"https:\/\/www.huitres-st-vaast.com\/","logo":{"@type":"ImageObject","inLanguage":"en-US","@id":"https:\/\/www.huitres-st-vaast.com\/#\/schema\/logo\/image\/","url":"https:\/\/www.huitres-st-vaast.com\/wp-content\/uploads\/2024\/11\/logo.webp","contentUrl":"https:\/\/www.huitres-st-vaast.com\/wp-content\/uploads\/2024\/11\/logo.webp","width":645,"height":337,"caption":"Hu\u00eetres H\u00e9lie"},"image":{"@id":"https:\/\/www.huitres-st-vaast.com\/#\/schema\/logo\/image\/"},"sameAs":["https:\/\/www.facebook.com\/huitreshelie","https:\/\/www.instagram.com\/huitres_helie","https:\/\/www.youtube.com\/channel\/UC9EJR2gJXzsMPxr9Ph4nf2A"]}]}},"_links":{"self":[{"href":"https:\/\/www.huitres-st-vaast.com\/en\/wp-json\/wp\/v2\/pages\/4575","targetHints":{"allow":["GET"]}}],"collection":[{"href":"https:\/\/www.huitres-st-vaast.com\/en\/wp-json\/wp\/v2\/pages"}],"about":[{"href":"https:\/\/www.huitres-st-vaast.com\/en\/wp-json\/wp\/v2\/types\/page"}],"author":[{"embeddable":true,"href":"https:\/\/www.huitres-st-vaast.com\/en\/wp-json\/wp\/v2\/users\/1"}],"replies":[{"embeddable":true,"href":"https:\/\/www.huitres-st-vaast.com\/en\/wp-json\/wp\/v2\/comments?post=4575"}],"version-history":[{"count":6,"href":"https:\/\/www.huitres-st-vaast.com\/en\/wp-json\/wp\/v2\/pages\/4575\/revisions"}],"predecessor-version":[{"id":4581,"href":"https:\/\/www.huitres-st-vaast.com\/en\/wp-json\/wp\/v2\/pages\/4575\/revisions\/4581"}],"wp:attachment":[{"href":"https:\/\/www.huitres-st-vaast.com\/en\/wp-json\/wp\/v2\/media?parent=4575"}],"curies":[{"name":"wp","href":"https:\/\/api.w.org\/{rel}","templated":true}]}}